{"id":8,"date":"2022-07-07T11:21:18","date_gmt":"2022-07-07T09:21:18","guid":{"rendered":"https:\/\/qualair.wordpress.com\/?page_id=6"},"modified":"2022-11-08T16:31:17","modified_gmt":"2022-11-08T16:31:17","slug":"6-2","status":"publish","type":"page","link":"https:\/\/qualair.fr\/","title":{"rendered":""},"content":{"rendered":"\n<div class=\"wp-block-jetpack-layout-grid column1-desktop-grid__span-10 column1-desktop-grid__start-2 column1-desktop-grid__row-1 column1-tablet-grid__span-8 column1-tablet-grid__row-1 column1-mobile-grid__span-4 column1-mobile-grid__row-1\">\n<div class=\"wp-block-jetpack-layout-grid-column wp-block-jetpack-layout-grid__padding-none\">\n<div class=\"wp-block-media-text alignwide has-media-on-the-right is-stacked-on-mobile\"><div class=\"wp-block-media-text__content\">\n<p><strong>Plateforme de recherche exp\u00e9rimentale d\u00e9di\u00e9e \u00e0 l\u2019observation des variabilit\u00e9s chimiques et dynamiques de l&rsquo;atmosph\u00e8re en utilisant la compl\u00e9mentarit\u00e9 des mesures in situ et des observations par t\u00e9l\u00e9d\u00e9tection.<\/strong><\/p>\n<\/div><figure class=\"wp-block-media-text__media\"><img loading=\"lazy\" decoding=\"async\" width=\"1024\" height=\"768\" src=\"https:\/\/qualair.fr\/wp-content\/uploads\/2022\/11\/accueil01_qualair-1024x768.jpg\" alt=\"\" class=\"wp-image-406 size-full\" srcset=\"https:\/\/qualair.fr\/wp-content\/uploads\/2022\/11\/accueil01_qualair-1024x768.jpg 1024w, https:\/\/qualair.fr\/wp-content\/uploads\/2022\/11\/accueil01_qualair-300x225.jpg 300w, https:\/\/qualair.fr\/wp-content\/uploads\/2022\/11\/accueil01_qualair-768x576.jpg 768w, https:\/\/qualair.fr\/wp-content\/uploads\/2022\/11\/accueil01_qualair-1536x1152.jpg 1536w, https:\/\/qualair.fr\/wp-content\/uploads\/2022\/11\/accueil01_qualair.jpg 2016w\" sizes=\"auto, (max-width: 1024px) 100vw, 1024px\" \/><\/figure><\/div>\n<\/div>\n<\/div>\n\n\n\n<p>La plateforme QUALAIR est situ\u00e9e en <strong>plein c\u0153ur de Paris<\/strong> sur les toits de Sorbonne Universit\u00e9 (\u00e0 35 et 90 m de hauteur au-dessus du sol). Elle est dot\u00e9e d\u2019un parc instrumental vari\u00e9 (20 moyens d\u2019observations de l\u2019atmosph\u00e8re) dont certains sont transportables sur le terrain, permettant de mesurer diverses variables d\u2019int\u00e9r\u00eat climatique, chimique, et dynamique.<\/p>\n\n\n\n<p>Cet observatoire urbain est un p\u00f4le d\u2019<strong>innovation instrumentale<\/strong> : le d\u00e9veloppement, la validation et la mise en \u0153uvre des moyens d\u2019observations in\u00e9dits de l\u2019atmosph\u00e8re sont au c\u0153ur de son champ d\u2019activit\u00e9 et de ses objectifs scientifiques.<\/p>\n\n\n\n<p>QUALAIR s\u2019inscrit dans les enjeux scientifiques actuels concernant :&nbsp;<\/p>\n\n\n\n<ul class=\"wp-block-list\">\n<li>La&nbsp;<strong>pollution<\/strong>&nbsp;(locale et r\u00e9gionale) et ses interactions avec la sant\u00e9 publique et l\u2019environnement.<\/li>\n\n\n\n<li>Le&nbsp;<strong>climat urbain<\/strong>&nbsp;(notamment les ilots de chaleurs) et ses interactions avec l\u2019urbanisme et l\u2019\u00e9cologie urbaine.<\/li>\n\n\n\n<li>Les&nbsp;<strong>cycles biog\u00e9ochimiques<\/strong>&nbsp;(notamment les cycles de l\u2019eau, du carbone, et de l\u2019azote) en milieu urbain.<\/li>\n\n\n\n<li>Les \u00e9tudes de processus en couplant les mesures chimiques, physiques et dynamiques.<\/li>\n\n\n\n<li>La&nbsp;<strong>validation satellitaire<\/strong>&nbsp;en zone urbaine.<\/li>\n<\/ul>\n","protected":false},"excerpt":{"rendered":"<p>Plateforme de recherche exp\u00e9rimentale d\u00e9di\u00e9e \u00e0 l\u2019observation des variabilit\u00e9s chimiques et dynamiques de l&rsquo;atmosph\u00e8re en utilisant la compl\u00e9mentarit\u00e9 des mesures in situ et des observations<\/p>\n","protected":false},"author":2,"featured_media":0,"parent":0,"menu_order":0,"comment_status":"closed","ping_status":"closed","template":"","meta":{"footnotes":""},"class_list":["post-8","page","type-page","status-publish","hentry"],"_links":{"self":[{"href":"https:\/\/qualair.fr\/index.php\/wp-json\/wp\/v2\/pages\/8","targetHints":{"allow":["GET"]}}],"collection":[{"href":"https:\/\/qualair.fr\/index.php\/wp-json\/wp\/v2\/pages"}],"about":[{"href":"https:\/\/qualair.fr\/index.php\/wp-json\/wp\/v2\/types\/page"}],"author":[{"embeddable":true,"href":"https:\/\/qualair.fr\/index.php\/wp-json\/wp\/v2\/users\/2"}],"replies":[{"embeddable":true,"href":"https:\/\/qualair.fr\/index.php\/wp-json\/wp\/v2\/comments?post=8"}],"version-history":[{"count":10,"href":"https:\/\/qualair.fr\/index.php\/wp-json\/wp\/v2\/pages\/8\/revisions"}],"predecessor-version":[{"id":407,"href":"https:\/\/qualair.fr\/index.php\/wp-json\/wp\/v2\/pages\/8\/revisions\/407"}],"wp:attachment":[{"href":"https:\/\/qualair.fr\/index.php\/wp-json\/wp\/v2\/media?parent=8"}],"curies":[{"name":"wp","href":"https:\/\/api.w.org\/{rel}","templated":true}]}}