{"id":72,"date":"2022-07-12T16:26:47","date_gmt":"2022-07-12T14:26:47","guid":{"rendered":"https:\/\/qualair.wordpress.com\/?page_id=72"},"modified":"2022-10-27T12:01:00","modified_gmt":"2022-10-27T12:01:00","slug":"missions","status":"publish","type":"page","link":"https:\/\/qualair.fr\/index.php\/missions\/","title":{"rendered":"Missions"},"content":{"rendered":"\n<div class=\"wp-block-jetpack-layout-grid column1-desktop-grid__span-5 column1-desktop-grid__start-2 column1-desktop-grid__row-1 column2-desktop-grid__span-5 column2-desktop-grid__start-7 column2-desktop-grid__row-1 column1-tablet-grid__span-4 column1-tablet-grid__row-1 column2-tablet-grid__span-4 column2-tablet-grid__start-5 column2-tablet-grid__row-1 column1-mobile-grid__span-4 column1-mobile-grid__row-1 column2-mobile-grid__span-4 column2-mobile-grid__row-2\">\n<div class=\"wp-block-jetpack-layout-grid-column wp-block-jetpack-layout-grid__padding-none\">\n<h4 class=\"has-text-align-right wp-block-heading\" id=\"block-736d9754-a66f-4186-9a0a-0c640a310608\">N\u00b01<br><br>Assurer l\u2019op\u00e9ration et la maintenance et soutenir le d\u00e9veloppement de moyens d\u2019observations du parc instrumental<\/h4>\n<\/div>\n\n\n\n<div class=\"wp-block-jetpack-layout-grid-column wp-block-jetpack-layout-grid__padding-none\">\n<p>Ces moyens d\u2019observations peuvent \u00eatre en cours d\u2019exploitation et install\u00e9s, \u00e0 court ou long terme, au sein de l\u2019infrastructure propre ou sur le terrain, dans le cadre d\u2019observations p\u00e9rennes et\/ou de campagnes d\u2019observations, en lien avec les activit\u00e9s de recherches et de d\u00e9veloppement de l\u2019\u00e9quipe QUALAIR. Les moyens d\u2019observation du parc instrumental sont soit commerciaux, soit originaux, c\u2019est-\u00e0-dire d\u00e9velopp\u00e9s en interne par les&nbsp; structures partenaires.<\/p>\n<\/div>\n<\/div>\n\n\n\n<div style=\"height:29px\" aria-hidden=\"true\" class=\"wp-block-spacer\"><\/div>\n\n\n\n<div class=\"wp-block-jetpack-layout-grid column1-desktop-grid__span-5 column1-desktop-grid__start-2 column1-desktop-grid__row-1 column2-desktop-grid__span-5 column2-desktop-grid__start-7 column2-desktop-grid__row-1 column1-tablet-grid__span-4 column1-tablet-grid__row-1 column2-tablet-grid__span-4 column2-tablet-grid__start-5 column2-tablet-grid__row-1 column1-mobile-grid__span-4 column1-mobile-grid__row-1 column2-mobile-grid__span-4 column2-mobile-grid__row-2\">\n<div class=\"wp-block-jetpack-layout-grid-column wp-block-jetpack-layout-grid__padding-none\">\n<p class=\"has-text-align-right\">Adapter et mettre en \u0153uvre les moyens d\u2019observations du parc instrumental lors de campagnes de mesures coordonn\u00e9es par la communaut\u00e9 scientifique au sein de l\u2019infrastructure propre ou sur le terrain.&nbsp;<br>Permettre et coordonner l\u2019accueil des instruments h\u00e9berg\u00e9s au sein de l\u2019infrastructure propre de la plateforme et favoriser leur bon fonctionnement pendant les campagnes.&nbsp;<br>Mettre \u00e0 disposition de la communaut\u00e9 scientifique de certains moyens d\u2019observations transportables du parc instrumental pour des campagnes de mesures.<\/p>\n<\/div>\n\n\n\n<div class=\"wp-block-jetpack-layout-grid-column wp-block-jetpack-layout-grid__padding-none\">\n<h4 class=\"wp-block-heading\">N\u00b02<br><br>Contribuer \u00e0 des campagnes de mesures<\/h4>\n\n\n\n<figure class=\"wp-block-image size-large\"><img loading=\"lazy\" decoding=\"async\" width=\"1024\" height=\"372\" src=\"https:\/\/qualair.fr\/wp-content\/uploads\/2022\/10\/amica-imagecampagnes_pour_illustrer_missions-1024x372.jpg\" alt=\"\" class=\"wp-image-349\" srcset=\"https:\/\/qualair.fr\/wp-content\/uploads\/2022\/10\/amica-imagecampagnes_pour_illustrer_missions-1024x372.jpg 1024w, https:\/\/qualair.fr\/wp-content\/uploads\/2022\/10\/amica-imagecampagnes_pour_illustrer_missions-300x109.jpg 300w, https:\/\/qualair.fr\/wp-content\/uploads\/2022\/10\/amica-imagecampagnes_pour_illustrer_missions-768x279.jpg 768w, https:\/\/qualair.fr\/wp-content\/uploads\/2022\/10\/amica-imagecampagnes_pour_illustrer_missions.jpg 1100w\" sizes=\"auto, (max-width: 1024px) 100vw, 1024px\" \/><figcaption>Campagne de mesure AMICA<\/figcaption><\/figure>\n<\/div>\n<\/div>\n\n\n\n<div style=\"height:40px\" aria-hidden=\"true\" class=\"wp-block-spacer\"><\/div>\n\n\n\n<div class=\"wp-block-jetpack-layout-grid column1-desktop-grid__span-5 column1-desktop-grid__start-2 column1-desktop-grid__row-1 column2-desktop-grid__span-5 column2-desktop-grid__start-7 column2-desktop-grid__row-1 column1-tablet-grid__span-4 column1-tablet-grid__row-1 column2-tablet-grid__span-4 column2-tablet-grid__start-5 column2-tablet-grid__row-1 column1-mobile-grid__span-4 column1-mobile-grid__row-1 column2-mobile-grid__span-4 column2-mobile-grid__row-2\">\n<div class=\"wp-block-jetpack-layout-grid-column wp-block-jetpack-layout-grid__padding-none\">\n<h4 class=\"has-text-align-right wp-block-heading\" id=\"block-a41f1e1a-383c-4171-a35f-305cb8af6070\">N\u00b03<br><br>Sauvegarder, diffuser et valider les donn\u00e9es<\/h4>\n<\/div>\n\n\n\n<div class=\"wp-block-jetpack-layout-grid-column wp-block-jetpack-layout-grid__padding-none\">\n<p>Sauvegarder les donn\u00e9es brutes g\u00e9n\u00e9r\u00e9es par le parc instrumental en cours d\u2019exploitation, les valider et les pr\u00e9parer pour leurs utilisations scientifiques et\/ou leur transmission via le p\u00f4le de donn\u00e9es AERIS et\/ou les r\u00e9seaux d\u2019observation de l\u2019atmosph\u00e8re nationaux et internationaux (ex : AERONET, ACTRIS, NDACC, TCCON).<\/p>\n<\/div>\n<\/div>\n\n\n\n<div style=\"height:37px\" aria-hidden=\"true\" class=\"wp-block-spacer\"><\/div>\n\n\n\n<div class=\"wp-block-jetpack-layout-grid column1-desktop-grid__span-5 column1-desktop-grid__start-2 column1-desktop-grid__row-1 column2-desktop-grid__span-5 column2-desktop-grid__start-7 column2-desktop-grid__row-1 column1-tablet-grid__span-4 column1-tablet-grid__row-1 column2-tablet-grid__span-4 column2-tablet-grid__start-5 column2-tablet-grid__row-1 column1-mobile-grid__span-4 column1-mobile-grid__row-1 column2-mobile-grid__span-4 column2-mobile-grid__row-2\">\n<div class=\"wp-block-jetpack-layout-grid-column wp-block-jetpack-layout-grid__padding-none\">\n<p class=\"has-text-align-right\">Accueillir et\/ou r\u00e9aliser des activit\u00e9s p\u00e9dagogiques, d\u2019information et d\u2019enseignements \u00e0 la demande de l\u2019\u00e9quipe QUALAIR, et des usagers (visites p\u00e9dagogiques, travaux pratiques).&nbsp;<\/p>\n<\/div>\n\n\n\n<div class=\"wp-block-jetpack-layout-grid-column wp-block-jetpack-layout-grid__padding-none\">\n<h4 class=\"wp-block-heading\" id=\"block-8a8d8622-f6dc-4960-9394-817aa5e12401\">N\u00b04<br><br>Soutenir les actions p\u00e9dagogiques<\/h4>\n<\/div>\n<\/div>\n\n\n\n<figure class=\"wp-block-image size-large\"><img loading=\"lazy\" decoding=\"async\" width=\"1024\" height=\"768\" src=\"https:\/\/qualair.fr\/wp-content\/uploads\/2022\/10\/photo3low-1024x768.jpg\" alt=\"\" class=\"wp-image-351\" srcset=\"https:\/\/qualair.fr\/wp-content\/uploads\/2022\/10\/photo3low-1024x768.jpg 1024w, https:\/\/qualair.fr\/wp-content\/uploads\/2022\/10\/photo3low-300x225.jpg 300w, https:\/\/qualair.fr\/wp-content\/uploads\/2022\/10\/photo3low-768x576.jpg 768w, https:\/\/qualair.fr\/wp-content\/uploads\/2022\/10\/photo3low-1536x1152.jpg 1536w, https:\/\/qualair.fr\/wp-content\/uploads\/2022\/10\/photo3low.jpg 1632w\" sizes=\"auto, (max-width: 1024px) 100vw, 1024px\" \/><figcaption>@IPSL<\/figcaption><\/figure>\n","protected":false},"excerpt":{"rendered":"<p>N\u00b01 Assurer l\u2019op\u00e9ration et la maintenance et soutenir le d\u00e9veloppement de moyens d\u2019observations du parc instrumental Ces moyens d\u2019observations peuvent \u00eatre en cours d\u2019exploitation et<\/p>\n","protected":false},"author":2,"featured_media":0,"parent":0,"menu_order":0,"comment_status":"closed","ping_status":"closed","template":"","meta":{"footnotes":""},"class_list":["post-72","page","type-page","status-publish","hentry"],"_links":{"self":[{"href":"https:\/\/qualair.fr\/index.php\/wp-json\/wp\/v2\/pages\/72","targetHints":{"allow":["GET"]}}],"collection":[{"href":"https:\/\/qualair.fr\/index.php\/wp-json\/wp\/v2\/pages"}],"about":[{"href":"https:\/\/qualair.fr\/index.php\/wp-json\/wp\/v2\/types\/page"}],"author":[{"embeddable":true,"href":"https:\/\/qualair.fr\/index.php\/wp-json\/wp\/v2\/users\/2"}],"replies":[{"embeddable":true,"href":"https:\/\/qualair.fr\/index.php\/wp-json\/wp\/v2\/comments?post=72"}],"version-history":[{"count":8,"href":"https:\/\/qualair.fr\/index.php\/wp-json\/wp\/v2\/pages\/72\/revisions"}],"predecessor-version":[{"id":352,"href":"https:\/\/qualair.fr\/index.php\/wp-json\/wp\/v2\/pages\/72\/revisions\/352"}],"wp:attachment":[{"href":"https:\/\/qualair.fr\/index.php\/wp-json\/wp\/v2\/media?parent=72"}],"curies":[{"name":"wp","href":"https:\/\/api.w.org\/{rel}","templated":true}]}}