{"id":54,"date":"2022-07-08T15:15:04","date_gmt":"2022-07-08T13:15:04","guid":{"rendered":"https:\/\/qualair.wordpress.com\/?page_id=54"},"modified":"2022-10-27T12:34:03","modified_gmt":"2022-10-27T12:34:03","slug":"objectifs","status":"publish","type":"page","link":"https:\/\/qualair.fr\/index.php\/objectifs\/","title":{"rendered":"Objectifs scientifiques"},"content":{"rendered":"\n<div class=\"wp-block-jetpack-layout-grid column1-desktop-grid__span-10 column1-desktop-grid__start-2 column1-desktop-grid__row-1 column1-tablet-grid__span-8 column1-tablet-grid__row-1 column1-mobile-grid__span-4 column1-mobile-grid__row-1\">\n<div class=\"wp-block-jetpack-layout-grid-column wp-block-jetpack-layout-grid__padding-none\">\n<div class=\"wp-block-columns is-layout-flex wp-container-core-columns-is-layout-9d6595d7 wp-block-columns-is-layout-flex\">\n<div class=\"wp-block-column is-layout-flow wp-block-column-is-layout-flow\" style=\"flex-basis:100%\">\n<div class=\"wp-block-columns is-layout-flex wp-container-core-columns-is-layout-9d6595d7 wp-block-columns-is-layout-flex\">\n<div class=\"wp-block-column is-layout-flow wp-block-column-is-layout-flow\" style=\"flex-basis:100%\">\n<div class=\"wp-block-columns is-layout-flex wp-container-core-columns-is-layout-9d6595d7 wp-block-columns-is-layout-flex\">\n<div class=\"wp-block-column is-layout-flow wp-block-column-is-layout-flow\">\n<h4 class=\"wp-block-heading\">N\u00b01<br>Soutenir le d\u00e9veloppement de moyens d&rsquo;observation innovants<\/h4>\n\n\n\n<p>Favoriser le d\u00e9veloppement d\u2019instruments scientifiques innovants au sein de la plateforme. Permettre la mise en \u0153uvre de ces instruments en conditions r\u00e9elles afin de valider\/ tester de nouveaux concepts de moyens d\u2019observations en lien avec les th\u00e9matiques scientifiques de la plateforme, avec un int\u00e9r\u00eat fort pour les instruments transportables dans le but de participer \u00e0 des campagnes de mesures.&nbsp;<\/p>\n\n\n\n<h4 class=\"wp-block-heading\">N\u00b03<br>Comprendre les processus atmosph\u00e9riques en int\u00e9grant les synergies instrumentales<\/h4>\n\n\n\n<p>La compl\u00e9mentarit\u00e9 des mesures (in situ, t\u00e9l\u00e9d\u00e9tection et satellitaires) est importante car renseigne sur la composition chimique et dynamique de l\u2019atmosph\u00e8re aux \u00e9chelles locale et r\u00e9gionale : les observations in situ mesurent tr\u00e8s pr\u00e9cis\u00e9ment l\u2019atmosph\u00e8re \u00e0 l\u2019\u00e9chelle locale alors que les mesures de profils apportent des informations \u00e0 l\u2019\u00e9chelle r\u00e9gionale et sur le transport des polluants.<br>L\u2019infrastructure propre de la plateforme QUALAIR permet l\u2019installation colocalis\u00e9e de moyens d\u2019observations dans le cadre de campagnes d\u2019observation de l\u2019atmosph\u00e8re afin de favoriser les synergies instrumentales, qui sont un \u00e9l\u00e9ment cl\u00e9 dans la compr\u00e9hension des processus atmosph\u00e9riques<\/p>\n<\/div>\n\n\n\n<div class=\"wp-block-column is-layout-flow wp-block-column-is-layout-flow\">\n<h4 class=\"wp-block-heading\">N\u00b02<br>Valider les observations spatiales<\/h4>\n\n\n\n<p>En privil\u00e9giant les mesures de profils verticaux et de colonnes int\u00e9gr\u00e9es, la plateforme QUALAIR constitue un site crucial de validation pour les satellites notamment en ville o\u00f9 les sources des \u00e9missions sont nombreuses.<\/p>\n\n\n\n<p><\/p>\n\n\n\n<h4 class=\"wp-block-heading\">N\u00b04<br>Diffuser des connaissances&nbsp;<\/h4>\n\n\n\n<p>La pr\u00e9sence de QUALAIR au sein du campus de recherche et d\u2019enseignement de Sorbonne Universit\u00e9 permet de d\u00e9velopper de nombreuses activit\u00e9s p\u00e9dagogiques et ainsi de partager et diffuser nos connaissances sur les sciences de l\u2019atmosph\u00e8re et d\u2019autres disciplines scientifiques de base (optique, traitement du signal, spectroscopie, environnement). L\u2019\u00e9quipe QUALAIR contribuent activement \u00e0 des activit\u00e9s d\u2019enseignement (Travaux Pratiques, visites).&nbsp;<\/p>\n<\/div>\n<\/div>\n<\/div>\n<\/div>\n<\/div>\n<\/div>\n<\/div>\n<\/div>\n","protected":false},"excerpt":{"rendered":"<p>N\u00b01Soutenir le d\u00e9veloppement de moyens d&rsquo;observation innovants Favoriser le d\u00e9veloppement d\u2019instruments scientifiques innovants au sein de la plateforme. Permettre la mise en \u0153uvre de ces<\/p>\n","protected":false},"author":2,"featured_media":0,"parent":0,"menu_order":0,"comment_status":"closed","ping_status":"closed","template":"","meta":{"footnotes":""},"class_list":["post-54","page","type-page","status-publish","hentry"],"_links":{"self":[{"href":"https:\/\/qualair.fr\/index.php\/wp-json\/wp\/v2\/pages\/54","targetHints":{"allow":["GET"]}}],"collection":[{"href":"https:\/\/qualair.fr\/index.php\/wp-json\/wp\/v2\/pages"}],"about":[{"href":"https:\/\/qualair.fr\/index.php\/wp-json\/wp\/v2\/types\/page"}],"author":[{"embeddable":true,"href":"https:\/\/qualair.fr\/index.php\/wp-json\/wp\/v2\/users\/2"}],"replies":[{"embeddable":true,"href":"https:\/\/qualair.fr\/index.php\/wp-json\/wp\/v2\/comments?post=54"}],"version-history":[{"count":1,"href":"https:\/\/qualair.fr\/index.php\/wp-json\/wp\/v2\/pages\/54\/revisions"}],"predecessor-version":[{"id":392,"href":"https:\/\/qualair.fr\/index.php\/wp-json\/wp\/v2\/pages\/54\/revisions\/392"}],"wp:attachment":[{"href":"https:\/\/qualair.fr\/index.php\/wp-json\/wp\/v2\/media?parent=54"}],"curies":[{"name":"wp","href":"https:\/\/api.w.org\/{rel}","templated":true}]}}